{"id":596,"date":"2019-02-04T16:51:44","date_gmt":"2019-02-04T15:51:44","guid":{"rendered":"http:\/\/www.thekemuseum.it\/methode\/sicurezza\/"},"modified":"2019-02-18T10:54:45","modified_gmt":"2019-02-18T09:54:45","slug":"sicherheit","status":"publish","type":"page","link":"https:\/\/www.thekemuseum.it\/de\/methode\/sicherheit\/","title":{"rendered":"Sicherheit"},"content":{"rendered":"<p><main id=\"metodo_int\"><\/p>\n<div class=\"row\">\n<div class=\"medium-12 columns\">\n<ul class=\"breadcrumbs\" itemscope=\"\" itemtype=\"http:\/\/schema.org\/BreadcrumbList\">\n<li itemprop=\"itemListElement\" itemscope=\"\" itemtype=\"http:\/\/schema.org\/ListItem\"><a href=\"\/de\/\" itemprop=\"item\"><span itemprop=\"name\">Home<\/span><\/a><meta itemprop=\"position\" content=\"1\"><\/li>\n<li itemprop=\"itemListElement\" itemscope=\"\" itemtype=\"http:\/\/schema.org\/ListItem\"><a href=\"\/de\/methode\/\" itemprop=\"item\"><span itemprop=\"name\">methode<\/span><\/a><meta itemprop=\"position\" content=\"2\"><\/li>\n<li class=\"current\" itemprop=\"itemListElement\" itemscope=\"\" itemtype=\"http:\/\/schema.org\/ListItem\"><a href=\"\/de\/methode\/sicherheit\/\" itemprop=\"item\"><span itemprop=\"name\">Sicherheit<\/span><\/a><meta itemprop=\"position\" content=\"3\"><\/li>\n<\/ul><\/div>\n<\/p><\/div>\n<div class=\"row\">\n<div class=\"medium-6 columns\">\n<h3>Sicherheit<\/h3>\n<p>      <!-- \n\n<h3><span class=\"under-yellow\">parametri<\/span><br \/>ambientali<\/h3>\n\n --><\/p>\n<p>Die Sicherheitsprobleme in den Ausstellungsr\u00e4umen sind vielf\u00e4ltig. Daher achten wir auf die verschiedenen Formen:<\/p>\n<ul>\n<li>strukturelle Sicherheit<\/li>\n<li>anthropisches Risiko<\/li>\n<li>Sicherheit im Gebrauch<\/li>\n<li>Einbruchhemmung<\/li>\n<li>Brandschutz<\/li>\n<\/ul>\n<p>Die Wahrung der k\u00f6rperlichen Unversehrtheit des Gutes ist ein unaufl\u00f6slicher Bestandteil seiner Erhaltung.<\/p>\n<\/p><\/div>\n<div class=\"medium-6 columns\">\n<div class=\"intro_img\" style=\"background:url(\/news\/wp-content\/themes\/theke\/assets\/img\/sicurezza_big.png); background-size:cover; background-position:center;\"><\/div>\n<\/p><\/div>\n<\/p><\/div>\n<div class=\"row margin-top\">\n<div class=\"medium-3 columns\">\n      <img decoding=\"async\" src=\"\/news\/wp-content\/themes\/theke\/assets\/img\/introduzione.png\"><\/p>\n<h4><span class=\"under-yellow\">Einf\u00fchrung<\/span><\/h4>\n<p>Durch die enge Zusammenarbeit mit den Museumssammlungen k\u00f6nnen wir vertiefen &#8230;<\/p>\n<p><a href=\"\/de\/methode\/\">..read more &gt;<\/a>    <\/div>\n<div class=\"medium-3 columns\">\n          <img decoding=\"async\" src=\"\/news\/wp-content\/themes\/theke\/assets\/img\/parametri_small.png\"><\/p>\n<h4><span class=\"under-yellow\">Umweltparameter<\/span><\/h4>\n<p>F\u00fcr die gute Konservierung der Werke ist es wichtig &#8230;<\/p>\n<p><a href=\"\/de\/methode\/umweltparameter\/\">..read more &gt;<\/a>       <\/div>\n<div class=\"medium-3 columns\">\n          <img decoding=\"async\" src=\"\/news\/wp-content\/themes\/theke\/assets\/img\/materiali_small.png\"><\/p>\n<h4><span class=\"under-yellow\">Materialien<\/span><\/h4>\n<p>Um eine ordnungsgem\u00e4\u00dfe Konservierung und Exposition der Werke zu gew\u00e4hrleisten &#8230;<\/p>\n<p><a href=\"\/de\/methode\/materialien\/\">..read more &gt;<\/a>       <\/div>\n<div class=\"medium-3 columns\">\n          <img decoding=\"async\" src=\"\/news\/wp-content\/themes\/theke\/assets\/img\/accessibilita_small.png\"><\/p>\n<h4><span class=\"under-yellow\">Zugaenglichkeit<\/span><\/h4>\n<p>Die Artikulation der Museumsr\u00e4ume wird auch durch die Anwesenheit des Menschen bestimmt &#8230;<\/p>\n<p>          <a href=\"\/de\/methode\/zugaenglichkeit\/\">..read more &gt;<\/a>        <\/div>\n<\/p><\/div>\n<p><\/main><\/p>\n","protected":false},"excerpt":{"rendered":"<p>Home methode Sicherheit Sicherheit Die Sicherheitsprobleme in den Ausstellungsr\u00e4umen sind vielf\u00e4ltig. Daher achten wir auf die verschiedenen Formen: strukturelle Sicherheit anthropisches Risiko Sicherheit im Gebrauch Einbruchhemmung Brandschutz Die Wahrung der k\u00f6rperlichen Unversehrtheit des Gutes ist ein unaufl\u00f6slicher Bestandteil seiner Erhaltung. Einf\u00fchrung Durch die enge Zusammenarbeit mit den Museumssammlungen k\u00f6nnen wir vertiefen &#8230; ..read more &gt; &hellip; <\/p>\n<p class=\"link-more\"><a href=\"https:\/\/www.thekemuseum.it\/de\/methode\/sicherheit\/\" class=\"more-link\">Continue reading<span class=\"screen-reader-text\"> &#8220;Sicherheit&#8221;<\/span><\/a><\/p>\n","protected":false},"author":3,"featured_media":0,"parent":543,"menu_order":0,"comment_status":"closed","ping_status":"closed","template":"page-template\/profile-care.php","meta":{"_acf_changed":false,"footnotes":""},"class_list":["post-596","page","type-page","status-publish","hentry"],"acf":[],"_links":{"self":[{"href":"https:\/\/www.thekemuseum.it\/de\/wp-json\/wp\/v2\/pages\/596","targetHints":{"allow":["GET"]}}],"collection":[{"href":"https:\/\/www.thekemuseum.it\/de\/wp-json\/wp\/v2\/pages"}],"about":[{"href":"https:\/\/www.thekemuseum.it\/de\/wp-json\/wp\/v2\/types\/page"}],"author":[{"embeddable":true,"href":"https:\/\/www.thekemuseum.it\/de\/wp-json\/wp\/v2\/users\/3"}],"replies":[{"embeddable":true,"href":"https:\/\/www.thekemuseum.it\/de\/wp-json\/wp\/v2\/comments?post=596"}],"version-history":[{"count":3,"href":"https:\/\/www.thekemuseum.it\/de\/wp-json\/wp\/v2\/pages\/596\/revisions"}],"predecessor-version":[{"id":604,"href":"https:\/\/www.thekemuseum.it\/de\/wp-json\/wp\/v2\/pages\/596\/revisions\/604"}],"up":[{"embeddable":true,"href":"https:\/\/www.thekemuseum.it\/de\/wp-json\/wp\/v2\/pages\/543"}],"wp:attachment":[{"href":"https:\/\/www.thekemuseum.it\/de\/wp-json\/wp\/v2\/media?parent=596"}],"curies":[{"name":"wp","href":"https:\/\/api.w.org\/{rel}","templated":true}]}}