{"id":593,"date":"2019-02-04T16:57:56","date_gmt":"2019-02-04T15:57:56","guid":{"rendered":"http:\/\/www.thekemuseum.it\/methode\/accessibilita\/"},"modified":"2019-02-18T10:53:59","modified_gmt":"2019-02-18T09:53:59","slug":"zugaenglichkeit","status":"publish","type":"page","link":"https:\/\/www.thekemuseum.it\/de\/methode\/zugaenglichkeit\/","title":{"rendered":"Zugaenglichkeit"},"content":{"rendered":"<p><main id=\"metodo_int\"><\/p>\n<div class=\"row\">\n<div class=\"medium-12 columns\">\n<ul class=\"breadcrumbs\" itemscope=\"\" itemtype=\"http:\/\/schema.org\/BreadcrumbList\">\n<li itemprop=\"itemListElement\" itemscope=\"\" itemtype=\"http:\/\/schema.org\/ListItem\"><a href=\"\/de\/\" itemprop=\"item\"><span itemprop=\"name\">Home<\/span><\/a><meta itemprop=\"position\" content=\"1\"><\/li>\n<li itemprop=\"itemListElement\" itemscope=\"\" itemtype=\"http:\/\/schema.org\/ListItem\"><a href=\"\/de\/methode\/\" itemprop=\"item\"><span itemprop=\"name\">methode<\/span><\/a><meta itemprop=\"position\" content=\"2\"><\/li>\n<li class=\"current\" itemprop=\"itemListElement\" itemscope=\"\" itemtype=\"http:\/\/schema.org\/ListItem\"><a href=\"\/de\/methode\/zugaenglichkeit\/\" itemprop=\"item\"><span itemprop=\"name\">Zugaenglichkeit<\/span><\/a><meta itemprop=\"position\" content=\"3\"><\/li>\n<\/ul><\/div>\n<\/p><\/div>\n<div class=\"row\">\n<div class=\"medium-6 columns\">\n<h3>Zugaenglichkeit<\/h3>\n<p>      <!-- \n\n<h3><span class=\"under-yellow\">parametri<\/span><br \/>ambientali<\/h3>\n\n --><\/p>\n<p>Die Artikulation der Museumsr\u00e4ume wird auch durch die Anwesenheit des Menschen bestimmt, der den &#8220;kulturellen Ort&#8221; durch eine Reihe von Aktivit\u00e4ten, die vom Schutz bis zur Nutzung reichen, lebt und nutzt.<\/p>\n<p>Unser Ziel ist es daher sicherzustellen, dass alle Museumsinstallationen zum einen von oben f\u00fcr ein breites Publikum zug\u00e4nglich sind. Dadurch k\u00f6nnen die Mitarbeiter die Sammlungen auf m\u00f6glichst einfache und korrekte Weise verwalten, verwalten und verwalten.<\/p>\n<\/p><\/div>\n<div class=\"medium-6 columns\">\n<div class=\"intro_img\" style=\"background:url(\/news\/wp-content\/themes\/theke\/assets\/img\/accessibilita_big.png); background-size:cover; background-position:center;\"><\/div>\n<\/p><\/div>\n<\/p><\/div>\n<div class=\"row margin-top\">\n<div class=\"medium-3 columns\">\n      <img decoding=\"async\" src=\"\/news\/wp-content\/themes\/theke\/assets\/img\/introduzione.png\"><\/p>\n<h4><span class=\"under-yellow\">Einf\u00fchrung<\/span><\/h4>\n<p>Durch die enge Zusammenarbeit mit den Museumssammlungen k\u00f6nnen wir vertiefen &#8230;<\/p>\n<p><a href=\"\/de\/methode\/\">..read more &gt;<\/a>   <\/div>\n<div class=\"medium-3 columns\">\n          <img decoding=\"async\" src=\"\/news\/wp-content\/themes\/theke\/assets\/img\/parametri_small.png\"><\/p>\n<h4><span class=\"under-yellow\">Umweltparameter<\/span><\/h4>\n<p>F\u00fcr die gute Konservierung der Werke ist es wichtig &#8230;<\/p>\n<p><a href=\"\/de\/methode\/umweltparameter\/\">..read more &gt;<\/a>        <\/div>\n<div class=\"medium-3 columns\">\n          <img decoding=\"async\" src=\"\/news\/wp-content\/themes\/theke\/assets\/img\/materiali_small.png\"><\/p>\n<h4><span class=\"under-yellow\">Materialien<\/span><\/h4>\n<p>Um eine ordnungsgem\u00e4\u00dfe Konservierung und Exposition der Werke zu gew\u00e4hrleisten &#8230;<\/p>\n<p><a href=\"\/de\/methode\/materialien\/\">..read more &gt;<\/a>        <\/div>\n<div class=\"medium-3 columns\">\n          <img decoding=\"async\" src=\"\/news\/wp-content\/themes\/theke\/assets\/img\/sicurezza_small.png\"><\/p>\n<h4><span class=\"under-yellow\">Sicherheit<\/span><\/h4>\n<p>Die Sicherheitsprobleme in den Ausstellungsr\u00e4umen sind vielf\u00e4ltig &#8230;<\/p>\n<p><a href=\"\/de\/methode\/sicherheit\/\">..read more &gt;<\/a>       <\/div>\n<\/p><\/div>\n<p><\/main><\/p>\n","protected":false},"excerpt":{"rendered":"<p>Home methode Zugaenglichkeit Zugaenglichkeit Die Artikulation der Museumsr\u00e4ume wird auch durch die Anwesenheit des Menschen bestimmt, der den &#8220;kulturellen Ort&#8221; durch eine Reihe von Aktivit\u00e4ten, die vom Schutz bis zur Nutzung reichen, lebt und nutzt. Unser Ziel ist es daher sicherzustellen, dass alle Museumsinstallationen zum einen von oben f\u00fcr ein breites Publikum zug\u00e4nglich sind. Dadurch &hellip; <\/p>\n<p class=\"link-more\"><a href=\"https:\/\/www.thekemuseum.it\/de\/methode\/zugaenglichkeit\/\" class=\"more-link\">Continue reading<span class=\"screen-reader-text\"> &#8220;Zugaenglichkeit&#8221;<\/span><\/a><\/p>\n","protected":false},"author":3,"featured_media":0,"parent":543,"menu_order":0,"comment_status":"closed","ping_status":"closed","template":"page-template\/profile-care.php","meta":{"_acf_changed":false,"footnotes":""},"class_list":["post-593","page","type-page","status-publish","hentry"],"acf":[],"_links":{"self":[{"href":"https:\/\/www.thekemuseum.it\/de\/wp-json\/wp\/v2\/pages\/593","targetHints":{"allow":["GET"]}}],"collection":[{"href":"https:\/\/www.thekemuseum.it\/de\/wp-json\/wp\/v2\/pages"}],"about":[{"href":"https:\/\/www.thekemuseum.it\/de\/wp-json\/wp\/v2\/types\/page"}],"author":[{"embeddable":true,"href":"https:\/\/www.thekemuseum.it\/de\/wp-json\/wp\/v2\/users\/3"}],"replies":[{"embeddable":true,"href":"https:\/\/www.thekemuseum.it\/de\/wp-json\/wp\/v2\/comments?post=593"}],"version-history":[{"count":3,"href":"https:\/\/www.thekemuseum.it\/de\/wp-json\/wp\/v2\/pages\/593\/revisions"}],"predecessor-version":[{"id":603,"href":"https:\/\/www.thekemuseum.it\/de\/wp-json\/wp\/v2\/pages\/593\/revisions\/603"}],"up":[{"embeddable":true,"href":"https:\/\/www.thekemuseum.it\/de\/wp-json\/wp\/v2\/pages\/543"}],"wp:attachment":[{"href":"https:\/\/www.thekemuseum.it\/de\/wp-json\/wp\/v2\/media?parent=593"}],"curies":[{"name":"wp","href":"https:\/\/api.w.org\/{rel}","templated":true}]}}