{"id":584,"date":"2019-02-04T16:12:33","date_gmt":"2019-02-04T15:12:33","guid":{"rendered":"http:\/\/www.thekemuseum.it\/methode\/materiali\/"},"modified":"2019-02-18T10:51:53","modified_gmt":"2019-02-18T09:51:53","slug":"materialien","status":"publish","type":"page","link":"https:\/\/www.thekemuseum.it\/de\/methode\/materialien\/","title":{"rendered":"Materialien"},"content":{"rendered":"<p><main id=\"metodo_int\"><\/p>\n<div class=\"row\">\n<div class=\"medium-12 columns\">\n<ul class=\"breadcrumbs\" itemscope=\"\" itemtype=\"http:\/\/schema.org\/BreadcrumbList\">\n<li itemprop=\"itemListElement\" itemscope=\"\" itemtype=\"http:\/\/schema.org\/ListItem\"><a href=\"\/de\/\" itemprop=\"item\"><span itemprop=\"name\">Home<\/span><\/a><meta itemprop=\"position\" content=\"1\"><\/li>\n<li itemprop=\"itemListElement\" itemscope=\"\" itemtype=\"http:\/\/schema.org\/ListItem\"><a href=\"\/de\/methode\/\" itemprop=\"item\"><span itemprop=\"name\">methode<\/span><\/a><meta itemprop=\"position\" content=\"2\"><\/li>\n<li class=\"current\" itemprop=\"itemListElement\" itemscope=\"\" itemtype=\"http:\/\/schema.org\/ListItem\"><a href=\"\/de\/methode\/materialien\/\" itemprop=\"item\"><span itemprop=\"name\">Materialien<\/span><\/a><meta itemprop=\"position\" content=\"3\"><\/li>\n<\/ul><\/div>\n<\/p><\/div>\n<div class=\"row\">\n<div class=\"medium-6 columns\">\n<h3>Materialien<\/h3>\n<p>      <!-- \n\n<h3><span class=\"under-yellow\">parametri<\/span><br \/>ambientali<\/h3>\n\n --><\/p>\n<p>\tUm eine ordnungsgem\u00e4\u00dfe Konservierung und Exposition der Werke zu gew\u00e4hrleisten, m\u00fcssen geeignete Materialien verwendet werden, die den chemisch-physikalischen und biologischen Schutz gew\u00e4hrleisten.<br \/>Aus diesem Grund werden die Materialien, die wir f\u00fcr unsere Aussteller verwenden, im Einklang mit den geltenden Vorschriften in folgende Kategorien eingeteilt:<\/p>\n<ul>\n<li>Prim\u00e4r<\/li>\n<li>Sekund\u00e4r<\/li>\n<li>Terti\u00e4r<\/li>\n<\/ul>\n<p>Die in THEKE-Produkten verwendeten <a href=\"\/de\/merkmale\/\">Materialien &gt;<\/a><\/p>\n<\/div>\n<div class=\"medium-6 columns\">\n<div class=\"intro_img\" style=\"background:url(\/news\/wp-content\/themes\/theke\/assets\/img\/materiali_big.png); background-size:cover; background-position:center;\"><\/div>\n<\/p><\/div>\n<p>  <\/a><\/div>\n<div class=\"row margin-top\">\n<div class=\"medium-3 columns\">\n      <img decoding=\"async\" src=\"\/news\/wp-content\/themes\/theke\/assets\/img\/introduzione.png\"><\/p>\n<h4><span class=\"under-yellow\">Einf\u00fchrung<\/span><\/h4>\n<p>Durch die enge Zusammenarbeit mit den Museumssammlungen k\u00f6nnen wir vertiefen &#8230;<\/p>\n<p><a href=\"\/de\/methode\/\">..read more &gt;<\/a>    <\/div>\n<div class=\"medium-3 columns\">\n          <img decoding=\"async\" src=\"\/news\/wp-content\/themes\/theke\/assets\/img\/materiali_small.png\"><\/p>\n<h4><span class=\"under-yellow\">Umweltparameter<\/span><\/h4>\n<p>F\u00fcr die gute Konservierung der Werke ist es wichtig &#8230;<\/p>\n<p><a href=\"\/de\/methode\/umweltparameter\/\">..read more &gt;<\/a>        <\/div>\n<div class=\"medium-3 columns\">\n          <img decoding=\"async\" src=\"\/news\/wp-content\/themes\/theke\/assets\/img\/sicurezza_small.png\"><\/p>\n<h4><span class=\"under-yellow\">Sicherheit<\/span><\/h4>\n<p>Die Sicherheitsprobleme in den Ausstellungsr\u00e4umen sind vielf\u00e4ltig &#8230;<\/p>\n<p><a href=\"\/de\/methode\/sicherheit\/\">..read more &gt;<\/a>        <\/div>\n<div class=\"medium-3 columns\">\n          <img decoding=\"async\" src=\"\/news\/wp-content\/themes\/theke\/assets\/img\/accessibilita_small.png\"><\/p>\n<h4><span class=\"under-yellow\">Zugaenglichkeit<\/span><\/h4>\n<p>Die Artikulation der Museumsr\u00e4ume wird auch durch die Anwesenheit des Menschen bestimmt &#8230;<\/p>\n<p>          <a href=\"\/de\/methode\/zugaenglichkeit\/\">..read more &gt;<\/a>        <\/div>\n<\/p><\/div>\n<p><\/main><\/p>\n","protected":false},"excerpt":{"rendered":"<p>Home methode Materialien Materialien Um eine ordnungsgem\u00e4\u00dfe Konservierung und Exposition der Werke zu gew\u00e4hrleisten, m\u00fcssen geeignete Materialien verwendet werden, die den chemisch-physikalischen und biologischen Schutz gew\u00e4hrleisten.Aus diesem Grund werden die Materialien, die wir f\u00fcr unsere Aussteller verwenden, im Einklang mit den geltenden Vorschriften in folgende Kategorien eingeteilt: Prim\u00e4r Sekund\u00e4r Terti\u00e4r Die in THEKE-Produkten verwendeten Materialien &hellip; <\/p>\n<p class=\"link-more\"><a href=\"https:\/\/www.thekemuseum.it\/de\/methode\/materialien\/\" class=\"more-link\">Continue reading<span class=\"screen-reader-text\"> &#8220;Materialien&#8221;<\/span><\/a><\/p>\n","protected":false},"author":3,"featured_media":0,"parent":543,"menu_order":0,"comment_status":"closed","ping_status":"closed","template":"page-template\/profile-care.php","meta":{"_acf_changed":false,"footnotes":""},"class_list":["post-584","page","type-page","status-publish","hentry"],"acf":[],"_links":{"self":[{"href":"https:\/\/www.thekemuseum.it\/de\/wp-json\/wp\/v2\/pages\/584","targetHints":{"allow":["GET"]}}],"collection":[{"href":"https:\/\/www.thekemuseum.it\/de\/wp-json\/wp\/v2\/pages"}],"about":[{"href":"https:\/\/www.thekemuseum.it\/de\/wp-json\/wp\/v2\/types\/page"}],"author":[{"embeddable":true,"href":"https:\/\/www.thekemuseum.it\/de\/wp-json\/wp\/v2\/users\/3"}],"replies":[{"embeddable":true,"href":"https:\/\/www.thekemuseum.it\/de\/wp-json\/wp\/v2\/comments?post=584"}],"version-history":[{"count":3,"href":"https:\/\/www.thekemuseum.it\/de\/wp-json\/wp\/v2\/pages\/584\/revisions"}],"predecessor-version":[{"id":601,"href":"https:\/\/www.thekemuseum.it\/de\/wp-json\/wp\/v2\/pages\/584\/revisions\/601"}],"up":[{"embeddable":true,"href":"https:\/\/www.thekemuseum.it\/de\/wp-json\/wp\/v2\/pages\/543"}],"wp:attachment":[{"href":"https:\/\/www.thekemuseum.it\/de\/wp-json\/wp\/v2\/media?parent=584"}],"curies":[{"name":"wp","href":"https:\/\/api.w.org\/{rel}","templated":true}]}}