{"id":580,"date":"2019-02-04T16:01:51","date_gmt":"2019-02-04T15:01:51","guid":{"rendered":"http:\/\/www.thekemuseum.it\/methode\/parametri-ambientali\/"},"modified":"2019-02-18T11:02:06","modified_gmt":"2019-02-18T10:02:06","slug":"umweltparameter","status":"publish","type":"page","link":"https:\/\/www.thekemuseum.it\/de\/methode\/umweltparameter\/","title":{"rendered":"Umweltparameter"},"content":{"rendered":"<p><main id=\"metodo_int\"><\/p>\n<div class=\"row\">\n<div class=\"medium-12 columns\">\n<ul class=\"breadcrumbs\">\n<li><a href=\"\/de\/\">Home<\/a><\/li>\n<li><a href=\"\/de\/methode\/\">methode<\/a><\/li>\n<li class=\"current\"><a href=\"\/de\/methode\/umweltparameter\/\">Umweltparameter<\/a><\/li>\n<\/ul>\n<\/div>\n<\/div>\n<div class=\"row\">\n<div class=\"medium-6 columns\">\n<h3>Umweltparameter<\/h3>\n<p><!--\n\n\n<h3><span class=\"under-yellow\">parametri<\/span>\nambientali<\/h3>\n\n\n--><\/p>\n<p>F\u00fcr die gute Konservierung der Werke ist es wichtig, dass die Mikroklimatik-, Beleuchtungs- und Luftqualit\u00e4tsparameter der Ausstellungsumgebung Werte aufweisen, die den MiBACT-Richtlinien entsprechen.<br \/>\nInsbesondere sind die Vitrinen keine einfachen &#8220;Container&#8221; mehr, sondern echte Garantien f\u00fcr die Erhaltung der Arbeit.<\/p>\n<h4>MIKROKLIMA<\/h4>\n<p>Ausgehend von den klimatischen Bedingungen der Ausstellungsbereiche ist es unser Ziel, so viel wie m\u00f6glich zu enthalten:<\/p>\n<ul>\n<li>thermische D\u00e4mpfung<\/li>\n<li>Feuchtigkeitsschwankungen<\/li>\n<li>Luftaustausch mit der \u00e4u\u00dferen Umgebung<\/li>\n<\/ul>\n<h4>BELEUCHTUNG<\/h4>\n<p>Neben den internationalen Empfehlungen zu den Kategorien der Lichtempfindlichkeitskategorien von Artefakten und Funden m\u00fcssen einige andere Parameter beachtet werden:<\/p>\n<ul>\n<li>Gleichm\u00e4\u00dfigkeit der Beleuchtung<\/li>\n<li>UV-Komponente<\/li>\n<li>W\u00e4rmeschock und W\u00e4rmeableitung<\/li>\n<li>Energie sparen<\/li>\n<li>Verwaltungskosten<\/li>\n<\/ul>\n<\/div>\n<div class=\"medium-6 columns\">\n<div class=\"intro_img\" style=\"background: url('\/news\/wp-content\/themes\/theke\/assets\/img\/parametri01.png'); background-size: cover; background-position: center;\"><\/div>\n<\/div>\n<\/div>\n<div class=\"row margin-top\">\n<div class=\"medium-3 columns\"><img decoding=\"async\" src=\"\/news\/wp-content\/themes\/theke\/assets\/img\/introduzione.png\" \/><\/p>\n<h4><span class=\"under-yellow\">Einf\u00fchrung<\/span><\/h4>\n<p>Durch die enge Zusammenarbeit mit den Museumssammlungen k\u00f6nnen wir vertiefen &#8230;<\/p>\n<p><a href=\"\/de\/methode\/\">..read more &gt;<\/a><\/p>\n<\/div>\n<div class=\"medium-3 columns\"><img decoding=\"async\" src=\"\/news\/wp-content\/themes\/theke\/assets\/img\/materiali_small.png\" \/><\/p>\n<h4><span class=\"under-yellow\">Materialien<\/span><\/h4>\n<p>Um eine ordnungsgem\u00e4\u00dfe Konservierung und Exposition der Werke zu gew\u00e4hrleisten &#8230;<\/p>\n<p><a href=\"\/de\/methode\/materialien\/\">..read more &gt;<\/a><\/p>\n<\/div>\n<div class=\"medium-3 columns\"><img decoding=\"async\" src=\"\/news\/wp-content\/themes\/theke\/assets\/img\/sicurezza_small.png\" \/><\/p>\n<h4><span class=\"under-yellow\">Sicherheit<\/span><\/h4>\n<p>Die Sicherheitsprobleme in den Ausstellungsr\u00e4umen sind vielf\u00e4ltig &#8230;<\/p>\n<p><a href=\"\/de\/methode\/sicherheit\/\">..read more &gt;<\/a><\/p>\n<\/div>\n<div class=\"medium-3 columns\"><img decoding=\"async\" src=\"\/news\/wp-content\/themes\/theke\/assets\/img\/accessibilita_small.png\" \/><\/p>\n<h4><span class=\"under-yellow\">Zugaenglichkeit<\/span><\/h4>\n<p>Die Artikulation der Museumsr\u00e4ume wird auch durch die Anwesenheit des Menschen bestimmt &#8230;<\/p>\n<p>          <a href=\"\/de\/methode\/zugaenglichkeit\/\">..read more &gt;<\/a> <\/p>\n<\/div>\n<\/div>\n<p><\/main><\/p>\n","protected":false},"excerpt":{"rendered":"<p>Home methode Umweltparameter Umweltparameter F\u00fcr die gute Konservierung der Werke ist es wichtig, dass die Mikroklimatik-, Beleuchtungs- und Luftqualit\u00e4tsparameter der Ausstellungsumgebung Werte aufweisen, die den MiBACT-Richtlinien entsprechen. Insbesondere sind die Vitrinen keine einfachen &#8220;Container&#8221; mehr, sondern echte Garantien f\u00fcr die Erhaltung der Arbeit. MIKROKLIMA Ausgehend von den klimatischen Bedingungen der Ausstellungsbereiche ist es unser Ziel, &hellip; <\/p>\n<p class=\"link-more\"><a href=\"https:\/\/www.thekemuseum.it\/de\/methode\/umweltparameter\/\" class=\"more-link\">Continue reading<span class=\"screen-reader-text\"> &#8220;Umweltparameter&#8221;<\/span><\/a><\/p>\n","protected":false},"author":3,"featured_media":0,"parent":543,"menu_order":0,"comment_status":"closed","ping_status":"closed","template":"page-template\/profile-care.php","meta":{"_acf_changed":false,"footnotes":""},"class_list":["post-580","page","type-page","status-publish","hentry"],"acf":[],"_links":{"self":[{"href":"https:\/\/www.thekemuseum.it\/de\/wp-json\/wp\/v2\/pages\/580","targetHints":{"allow":["GET"]}}],"collection":[{"href":"https:\/\/www.thekemuseum.it\/de\/wp-json\/wp\/v2\/pages"}],"about":[{"href":"https:\/\/www.thekemuseum.it\/de\/wp-json\/wp\/v2\/types\/page"}],"author":[{"embeddable":true,"href":"https:\/\/www.thekemuseum.it\/de\/wp-json\/wp\/v2\/users\/3"}],"replies":[{"embeddable":true,"href":"https:\/\/www.thekemuseum.it\/de\/wp-json\/wp\/v2\/comments?post=580"}],"version-history":[{"count":5,"href":"https:\/\/www.thekemuseum.it\/de\/wp-json\/wp\/v2\/pages\/580\/revisions"}],"predecessor-version":[{"id":609,"href":"https:\/\/www.thekemuseum.it\/de\/wp-json\/wp\/v2\/pages\/580\/revisions\/609"}],"up":[{"embeddable":true,"href":"https:\/\/www.thekemuseum.it\/de\/wp-json\/wp\/v2\/pages\/543"}],"wp:attachment":[{"href":"https:\/\/www.thekemuseum.it\/de\/wp-json\/wp\/v2\/media?parent=580"}],"curies":[{"name":"wp","href":"https:\/\/api.w.org\/{rel}","templated":true}]}}