{"id":575,"date":"2017-06-09T09:29:29","date_gmt":"2017-06-09T07:29:29","guid":{"rendered":"http:\/\/www.thekemuseum.it\/cookie\/"},"modified":"2019-02-18T09:25:38","modified_gmt":"2019-02-18T08:25:38","slug":"cookie","status":"publish","type":"page","link":"https:\/\/www.thekemuseum.it\/de\/cookie\/","title":{"rendered":"Cookie"},"content":{"rendered":"<p><strong>Erweiterte Informationen zur Verwendung von Cookies.<\/strong><br \/>\nThekemuseum.it verwendet Cookies, um unsere Dienste f\u00fcr Benutzer, die die Seiten von Thekemuseum.it aufrufen, einfach und effizient zu gestalten. Benutzer, die die Website anzeigen, sehen in den verwendeten Ger\u00e4ten, dh Computern und Mobilger\u00e4ten, eine Mindestmenge an Informationen in kleinen Textdateien, sogenannten &#8220;Cookies&#8221;, die in den vom Webbrowser des Benutzers verwendeten Verzeichnissen gespeichert werden. Deaktivieren von Cookies Einige unserer Dienste funktionieren m\u00f6glicherweise nicht ordnungsgem\u00e4\u00df und auf einigen Seiten werden sie nicht richtig angezeigt. Es gibt verschiedene Arten von Cookies, von denen einige die Website effektiver nutzen, andere bestimmte Funktionen aktivieren. Durch die detaillierte Analyse unserer Cookies k\u00f6nnen Sie: die eingegebenen Pr\u00e4ferenzen speichern, die gleichen Informationen w\u00e4hrend des Besuchs nicht mehrmals eingeben (z. B. Benutzername und Kennwort), die Nutzung der von Thekemuseum.it bereitgestellten Dienste und Inhalte analysieren, um die Nutzung der Cookies zu optimieren Browser-Erlebnis und die angebotenen Dienste.<\/p>\n<p>Arten von Cookies, die von Thekemuseum.it verwendet werden<br \/>\nNachfolgend die verschiedenen Arten von Cookies, die Thekemuseum je nach<br \/>\nVerwendungszweck verwendet:<\/p>\n<p><strong>Technische Cookies.<br \/>\n<\/strong>Diese Art von Cookie ist f\u00fcr das ordnungsgem\u00e4\u00dfe Funktionieren bestimmter Bereiche der Website unbedingt erforderlich.<br \/>\nEs gibt zwei Kategorien: persistent und Sitzung:<\/p>\n<ul>\n<li>dauerhaft: Wenn der Browser geschlossen wird, wird er nicht zerst\u00f6rt, sondern bleibt bis zu einem voreingestellten Ablaufdatum erhalten.<\/li>\n<li>von Sitzungen: Sie werden bei jedem Schlie\u00dfen des Browsers zerst\u00f6rt.<\/li>\n<\/ul>\n<p>Diese Cookies, die immer von unserer Domain aus gesendet werden, sind erforderlich, um die Website korrekt anzuzeigen und in Bezug auf die angebotenen technischen Dienste zu sehen. Sie werden daher immer verwendet und gesendet, es sei denn, der Benutzer \u00e4ndert die Einstellungen in Ihrem Browser nicht (wodurch die Anzeige von Cookies beeintr\u00e4chtigt wird) Seiten der Website).<\/p>\n<p><strong>Analytische Cookies.<br \/>\n<\/strong>Cookies in dieser Kategorie werden verwendet, um Informationen \u00fcber die Nutzung der Website zu sammeln. Thekemuseum verwendet diese Informationen im Hinblick auf anonyme statistische Analysen, um die Nutzung der Website zu verbessern und den Inhalt interessanter und relevanter f\u00fcr die W\u00fcnsche der Benutzer zu machen.<\/p>\n<p>Dieser Cookie-Typ sammelt anonyme Daten \u00fcber die Aktivit\u00e4t der Nutzer und dar\u00fcber, wie sie auf der Website angekommen sind. Analytische Cookies werden von der Website selbst oder von Drittanbieter-Domains gesendet.<\/p>\n<p><strong>Analyse-Cookies f\u00fcr Dienste von Drittanbietern.<br \/>\n<\/strong>Diese Cookies werden verwendet, um anonym Informationen \u00fcber die Nutzung der Website durch Benutzer zu sammeln, wie zum Beispiel: besuchte Seiten, aufgewendete Zeit, Herkunft des Ursprungsverkehrs, geografische Herkunft, Alter, Geschlecht und Interessen f\u00fcr Marketingkampagnen.<\/p>\n<p><strong>Diese Cookies werden von Drittanbietern au\u00dferhalb der Website gesendet.<br \/>\n<\/strong>Cookies zur Integration von Produkten und Funktionen von Drittanbieter-Software.<br \/>\nDieser Cookie-Typ integriert von Dritten auf den Seiten der Website entwickelte Funktionen, z. B. Symbole und Pr\u00e4ferenzen, die in sozialen Netzwerken ausgedr\u00fcckt werden, um Website-Inhalte gemeinsam zu nutzen oder um Softwaredienste von Drittanbietern zu nutzen (z. B. Software zum Erstellen von Karten und zus\u00e4tzliche Software, die zus\u00e4tzliche Dienste anbietet). Diese Cookies werden von Drittanbieter-Domains und von Partnerseiten gesendet, die ihre Funktionalit\u00e4t zwischen den Seiten der Website anbieten.<\/p>\n<p><strong>Profiling cookies.<br \/>\n<\/strong>Diese Cookies sind erforderlich, um Benutzerprofile zu erstellen, um Werbebotschaften gem\u00e4\u00df den vom Benutzer auf den Seiten der Website ge\u00e4u\u00dferten Pr\u00e4ferenzen zu senden.<\/p>\n<p>Thekemuseum.it <u>verwendet keine profilierenden Cookies<\/u>.<br \/>\nThekemuseum.it ist nach geltender Gesetzgebung nicht verpflichtet, die Einwilligung f\u00fcr technische Cookies einzuholen, sofern dies zur Bereitstellung der erforderlichen Dienste erforderlich ist. F\u00fcr alle anderen Arten von Cookies kann der Benutzer eine Einwilligung mit einer oder mehreren der folgenden Methoden erteilen:<\/p>\n<p>Durch bestimmte Konfigurationen des verwendeten Browsers oder der zugeh\u00f6rigen Computerprogramme zum Navigieren auf den Seiten, aus denen die Site besteht.<br \/>\nDurch \u00c4ndern der Einstellungen bei der Verwendung von Diensten von Drittanbietern.<br \/>\nDiese beiden L\u00f6sungen k\u00f6nnen den Benutzer daran hindern, Teile der Website zu verwenden oder anzuzeigen.<\/p>\n<p><strong>Websites und Dienstleistungen von Drittanbietern.<br \/>\n<\/strong>Die Website kann Links zu anderen Websites mit eigenen Datenschutzbestimmungen enthalten, die sich m\u00f6glicherweise von denen unterscheiden, die von Thekemuseum \u00fcbernommen wurden und daher nicht f\u00fcr diese Websites verantwortlich sind.<\/p>\n<p><strong>Cookies, die von thekemuseum.it und news.thekemuseum.it im Detail verwendet werden:<\/strong><\/p>\n<p><strong>Google Analytics<br \/>\n<\/strong>Google Analytics verwendet in erster Linie propriet\u00e4re Cookies, um Berichte \u00fcber Besucherinteraktionen mit Websites zu erstellen. Diese Cookies werden zum Speichern von Informationen verwendet, die keine pers\u00f6nliche Identifizierung von Benutzern zulassen. Browser teilen keine propriet\u00e4ren Cookies zwischen verschiedenen Domains.<br \/>\nDie Daten werden anonym erhoben.<br \/>\nDateityp: Eigene Cookies<br \/>\nPolicy: http:\/\/www.google.com\/intl\/it\/policies\/<br \/>\nBehandlungsort: USA<\/p>\n<p><strong>Google Maps<br \/>\n<\/strong>Karten von Google Maps. F\u00fcr Informationen zu den betreffenden Cookies ist dies der Link:<br \/>\nhttps:\/\/www.google.it\/intl\/it\/policies\/privacy\/<br \/>\nDateityp: Cookies von Drittanbietern<br \/>\nPolicy: http:\/\/www.google.com\/intl\/it\/policies\/ l<br \/>\nBehandlungsort: USA<\/p>\n<p><strong>So blockieren Sie Cookies auf Ihrem Computer<\/strong><\/p>\n<p><strong>Internet Explorer<\/strong><\/p>\n<p>Um Cookies in Internet Explorer zu blockieren, klicken Sie auf das Zahnradsymbol oben rechts und w\u00e4hlen Sie im angezeigten Men\u00fc die Option Internetoptionen.<\/p>\n<p>W\u00e4hlen Sie im folgenden Fenster die Registerkarte Datenschutz und klicken Sie auf die Schaltfl\u00e4che Erweitert.<\/p>\n<p>Setzen Sie an dieser Stelle das H\u00e4kchen neben Automatische Cookiebehandlung ersetzen und w\u00e4hlen Sie die Option &#8220;Cookies&#8221; der Websites, die unter der \u00dcberschrift &#8220;Cookies von Drittanbietern&#8221; (oder, wenn Sie m\u00f6chten, nur die von Drittanbietern gesetzten) blockieren aus). Klicken Sie dann auf OK und Sie sind fertig.<\/p>\n<p>Wenn Sie Ausnahmen hinzuf\u00fcgen m\u00f6chten, dh Sie m\u00f6chten Cookies f\u00fcr bestimmte Websites zulassen, klicken Sie auf die Schaltfl\u00e4che Sites, geben Sie die Adresse der Site ein, die Sie zu den Ausnahmen hinzuf\u00fcgen m\u00f6chten, und klicken Sie auf die Schaltfl\u00e4che Zulassen.<\/p>\n<p>Um die Funktion &#8220;Nicht verfolgen&#8221; zu aktivieren, klicken Sie auf das Zahnradsymbol oben rechts, w\u00e4hlen Sie im angezeigten Men\u00fc die Option Sicherheit&gt; Nicht nachverfolgen von Anforderungen und klicken Sie im sich \u00f6ffnenden Fenster auf die Schaltfl\u00e4che Aktivieren.<\/p>\n<p><strong>Chrome<\/strong><\/p>\n<p>Selbst mit Google Chrome k\u00f6nnen Sie Cookies vollst\u00e4ndig blockieren.<\/p>\n<p>Dazu m\u00fcssen Sie auf die Men\u00fcschaltfl\u00e4che oben rechts (das klassische Hamburger-Symbol) klicken und aus dem erscheinenden Men\u00fc den Punkt Einstellungen ausw\u00e4hlen.<\/p>\n<p>Klicken Sie auf der folgenden Seite auf den Punkt Erweiterte Einstellungen anzeigen, und klicken Sie auf die Schaltfl\u00e4che Einstellungen.<\/p>\n<p>Setzen Sie dann das H\u00e4kchen neben &#8220;Websites verhindern&#8221;, um Daten festzulegen, um die Verwendung von Cookies f\u00fcr Websites, die Sie direkt besuchen, und \/ oder neben &#8220;Cookies von Drittanbietern blockieren&#8221; und &#8220;Website-Daten&#8221; zu blockieren, um zu verhindern, dass Websites von Drittanbietern Cookies auf Ihrem Computer speichern.<\/p>\n<p>Um Ausnahmen festzulegen, klicken Sie auf die Schaltfl\u00e4che Ausnahmen verwalten, geben Sie die Adresse einer Website ein, f\u00fcr die die Verwendung von Cookies genehmigt werden soll, setzen Sie im Dropdown-Men\u00fc rechts die Option Zulassen, und klicken Sie auf Fertig stellen, um Ihre Einstellungen zu speichern.<\/p>\n<p>Um die Funktion &#8220;Nicht verfolgen&#8221; zu aktivieren, gehen Sie zur\u00fcck zum Men\u00fc &#8220;Einstellungen&#8221;&gt; &#8220;Erweiterte Einstellungen in Chrome anzeigen&#8221; und aktivieren Sie das Kontrollk\u00e4stchen &#8220;Nicht verfolgen&#8221; -Aufforderung mit Ihrem Navigationsdatenverkehr.<\/p>\n<p><strong>Firefox<\/strong><\/p>\n<p>Um Cookies in Mozilla Firefox zu deaktivieren, m\u00fcssen Sie auf die Men\u00fcschaltfl\u00e4che oben rechts (das klassische Hamburger-Symbol) klicken und im angezeigten Men\u00fc die Option Optionen ausw\u00e4hlen.<\/p>\n<p>Wechseln Sie in dem sich \u00f6ffnenden Fenster zur Registerkarte Datenschutz, legen Sie im Dropdown-Men\u00fc Verlaufseinstellungen die Option Benutzerdefinierte Einstellungen verwenden fest, und deaktivieren Sie die Option Cookies von Websites akzeptieren. Wenn Sie Cookies nur f\u00fcr Websites von Drittanbietern blockieren m\u00f6chten, setzen Sie Niemals auf das Dropdown-Men\u00fc. Akzeptieren Sie Cookies von Drittanbietern.<\/p>\n<p>Um die Funktion &#8220;Nicht nachverfolgen&#8221; zu aktivieren, gehen Sie zur\u00fcck zum Men\u00fc &#8220;Optionen&#8221;&gt; &#8220;Datenschutz&#8221; von Firefox und aktivieren Sie das Kontrollk\u00e4stchen &#8220;Fragen an die Websites&#8221;, um keine Nachverfolgung durchzuf\u00fchren.<\/p>\n<p><strong>Safari<\/strong><\/p>\n<p>Wenn Sie einen Mac verwenden, k\u00f6nnen Sie Cookies in Safari blockieren, indem Sie im Men\u00fc Safari (oben links) die Option Preferences ausw\u00e4hlen, zur Registerkarte Privacy gehen und das H\u00e4kchen neben dem Block Always setzen.<\/p>\n<p>Wenn Sie Cookies f\u00fcr eine einzelne Website zulassen m\u00f6chten, besuchen Sie sie alternativ, gehen Sie zu den Datenschutzeinstellungen Ihres Browsers zur\u00fcck und aktivieren Sie das Kontrollk\u00e4stchen neben der aktuellen Website nur zulassen.<\/p>\n<p>Um die Funktion &#8220;Nicht verfolgen&#8221; zu aktivieren, gehen Sie zur\u00fcck zum Men\u00fc &#8220;Safari&#8221;&gt; &#8220;Einstellungen&#8221;&gt; &#8220;Datenschutz&#8221; und setzen Sie das H\u00e4kchen bei &#8220;Nach Websites suchen&#8221;, um den \u00dcberblick zu behalten.<\/p>\n<p><strong>So blockieren Sie Cookies auf Smartphones und Tablets.<\/strong><\/p>\n<p><strong>Android<\/strong><\/p>\n<p>Chrome &#8211; Wenn Sie ein Smartphone oder ein Android-Tablet besitzen und verhindern m\u00f6chten, dass Cookies im Systembrowser (Chrome) gespeichert werden, dr\u00fccken Sie die Men\u00fctaste oben rechts (das Symbol mit den drei Punkten) und w\u00e4hlen Sie den Punkt Einstellungen aus dem erscheinenden Men\u00fc.<\/p>\n<p>Klicken Sie auf der sich \u00f6ffnenden Seite auf den Punkt Inhaltseinstellungen und entfernen Sie die Option von der Option Cookies akzeptieren. Wenn Sie die Funktion &#8220;Nicht verfolgen&#8221; aktivieren m\u00f6chten, gehen Sie zu &#8220;Einstellungen&#8221;&gt; &#8220;Datenschutz&#8221;, dr\u00fccken Sie die Schaltfl\u00e4che &#8220;Nicht verfolgen&#8221; und stellen Sie den Hebel oben rechts auf ON.<\/p>\n<p>Firefox &#8211; Um Cookies in Firefox f\u00fcr Android zu deaktivieren, klicken Sie auf die Men\u00fcschaltfl\u00e4che oben rechts (das Symbol mit den drei Punkten) und w\u00e4hlen Sie im angezeigten Men\u00fc den Eintrag Einstellungen.<\/p>\n<p>Klicken Sie auf der sich \u00f6ffnenden Seite auf Cookies und aktivieren Sie das Kontrollk\u00e4stchen Deaktivieren, wenn Sie sie vollst\u00e4ndig deaktivieren m\u00f6chten, oder auf Aktiv. Ausgeschlossen werden Dritte, wenn Sie sie nur f\u00fcr Websites von Drittanbietern deaktivieren m\u00f6chten.<\/p>\n<p>Um die Funktion &#8220;Nicht nachverfolgen&#8221; zu aktivieren, dr\u00fccken Sie stattdessen auf die Option &#8220;Nachverfolgung&#8221; und w\u00e4hlen Sie aus dem sich \u00f6ffnenden Feld die Option &#8220;Die Websites bitten, keine Spur zu machen&#8221;.<\/p>\n<p><strong>Iphone and Ipad<\/strong><\/p>\n<p>Wenn Sie nicht wissen, wie Cookies in Safari auf iPhone und iPad blockiert werden, machen Sie sich keine Sorgen, es ist einfach.<\/p>\n<p>Sie m\u00fcssen lediglich die iOS-Einstellungen aufrufen (indem Sie auf das entsprechende Symbol auf dem Startbildschirm dr\u00fccken) und das Safari-Symbol aus dem sich \u00f6ffnenden Men\u00fc ausw\u00e4hlen.<\/p>\n<p>Gehen Sie als N\u00e4chstes zu &#8220;Cookies blockieren&#8221; und aktivieren Sie die Option &#8220;Immer blockieren&#8221;, um Cookies vollst\u00e4ndig zu deaktivieren.<\/p>\n<p>Um die Funktion &#8220;Nicht verfolgen&#8221; zu aktivieren, gehen Sie zur\u00fcck zum Men\u00fc Einstellungen&gt; Safari und stellen Sie den Hebel f\u00fcr die Option Nicht erkennen auf ON.<\/p>\n","protected":false},"excerpt":{"rendered":"<p>Erweiterte Informationen zur Verwendung von Cookies. Thekemuseum.it verwendet Cookies, um unsere Dienste f\u00fcr Benutzer, die die Seiten von Thekemuseum.it aufrufen, einfach und effizient zu gestalten. Benutzer, die die Website anzeigen, sehen in den verwendeten Ger\u00e4ten, dh Computern und Mobilger\u00e4ten, eine Mindestmenge an Informationen in kleinen Textdateien, sogenannten &#8220;Cookies&#8221;, die in den vom Webbrowser des Benutzers &hellip; <\/p>\n<p class=\"link-more\"><a href=\"https:\/\/www.thekemuseum.it\/de\/cookie\/\" class=\"more-link\">Continue reading<span class=\"screen-reader-text\"> &#8220;Cookie&#8221;<\/span><\/a><\/p>\n","protected":false},"author":2,"featured_media":0,"parent":0,"menu_order":0,"comment_status":"closed","ping_status":"closed","template":"page-template\/cookie.php","meta":{"_acf_changed":false,"footnotes":""},"class_list":["post-575","page","type-page","status-publish","hentry"],"acf":[],"_links":{"self":[{"href":"https:\/\/www.thekemuseum.it\/de\/wp-json\/wp\/v2\/pages\/575","targetHints":{"allow":["GET"]}}],"collection":[{"href":"https:\/\/www.thekemuseum.it\/de\/wp-json\/wp\/v2\/pages"}],"about":[{"href":"https:\/\/www.thekemuseum.it\/de\/wp-json\/wp\/v2\/types\/page"}],"author":[{"embeddable":true,"href":"https:\/\/www.thekemuseum.it\/de\/wp-json\/wp\/v2\/users\/2"}],"replies":[{"embeddable":true,"href":"https:\/\/www.thekemuseum.it\/de\/wp-json\/wp\/v2\/comments?post=575"}],"version-history":[{"count":2,"href":"https:\/\/www.thekemuseum.it\/de\/wp-json\/wp\/v2\/pages\/575\/revisions"}],"predecessor-version":[{"id":577,"href":"https:\/\/www.thekemuseum.it\/de\/wp-json\/wp\/v2\/pages\/575\/revisions\/577"}],"wp:attachment":[{"href":"https:\/\/www.thekemuseum.it\/de\/wp-json\/wp\/v2\/media?parent=575"}],"curies":[{"name":"wp","href":"https:\/\/api.w.org\/{rel}","templated":true}]}}