{"id":571,"date":"2019-02-04T15:47:26","date_gmt":"2019-02-04T14:47:26","guid":{"rendered":"http:\/\/www.thekemuseum.it\/certificazioni\/"},"modified":"2019-02-18T09:09:24","modified_gmt":"2019-02-18T08:09:24","slug":"zertifizierungen","status":"publish","type":"page","link":"https:\/\/www.thekemuseum.it\/de\/zertifizierungen\/","title":{"rendered":"Zertifizierungen"},"content":{"rendered":"<div id=\"intro\" class=\"barra-verde\" style=\"background: url('\/news\/wp-content\/themes\/theke\/assets\/img\/certificati-head.jpg'); background-size: cover; background-position: center;\"><\/div>\n<p><main><\/p>\n<div class=\"barra-gialla\"><\/div>\n<div class=\"barra-verde\" >\n<div class=\"row\">\n<div class=\"medium-12 columns \">\n<h3><span class=\"under-yellow\">Zertifizierungen<\/span><\/h3>\n<p>Unser Museumsm\u00f6belbedarf erf\u00fcllt die Anforderungen an Sicherheit, Best\u00e4ndigkeit, Haltbarkeit und Stabilit\u00e4t, die f\u00fcr M\u00f6bel aus dem Haus- und Nichtwohnbereich (UNI EN 14749, UNI EN 16121, UNI EN 16122) und f\u00fcr einzelne Metallkomponenten (UNI EN 15570) erforderlich sind.<br \/>\nDar\u00fcber hinaus werden die Oberfl\u00e4chen der Produkte sowohl hinsichtlich der Best\u00e4ndigkeit gegen Fl\u00fcssigkeiten und Hitze (UNI EN 12720, UNI EN 12721, UNI EN 12722) als auch hinsichtlich der Auswirkungen von Licht und Korrosionsbest\u00e4ndigkeit (UNI EN 15187, UNI EN ISO 9227) gepr\u00fcft ).<br \/>\nAuch die Lackierungen werden getestet: Auf die H\u00e4rteparameter werden Verschlei\u00df durch Abrieb, Adh\u00e4sion, Temperaturwechselbest\u00e4ndigkeit, Schmutzr\u00fcckhaltung und Verbrennung von Zigaretten gem\u00e4\u00df ASTM D3363, UNI EN 15185, UNI 9240, UNI 9429, UNI 9300, UNI 9241, UNI gepr\u00fcft EN ISO 2409-Normen.<\/p>\n<p>&nbsp;<\/p>\n<\/p><\/div>\n<\/p><\/div>\n<\/p><\/div>\n<p><\/main><\/p>\n","protected":false},"excerpt":{"rendered":"<p>Zertifizierungen Unser Museumsm\u00f6belbedarf erf\u00fcllt die Anforderungen an Sicherheit, Best\u00e4ndigkeit, Haltbarkeit und Stabilit\u00e4t, die f\u00fcr M\u00f6bel aus dem Haus- und Nichtwohnbereich (UNI EN 14749, UNI EN 16121, UNI EN 16122) und f\u00fcr einzelne Metallkomponenten (UNI EN 15570) erforderlich sind. Dar\u00fcber hinaus werden die Oberfl\u00e4chen der Produkte sowohl hinsichtlich der Best\u00e4ndigkeit gegen Fl\u00fcssigkeiten und Hitze (UNI EN &hellip; <\/p>\n<p class=\"link-more\"><a href=\"https:\/\/www.thekemuseum.it\/de\/zertifizierungen\/\" class=\"more-link\">Continue reading<span class=\"screen-reader-text\"> &#8220;Zertifizierungen&#8221;<\/span><\/a><\/p>\n","protected":false},"author":3,"featured_media":0,"parent":0,"menu_order":0,"comment_status":"closed","ping_status":"closed","template":"page-template\/profile-care.php","meta":{"_acf_changed":false,"footnotes":""},"class_list":["post-571","page","type-page","status-publish","hentry"],"acf":[],"_links":{"self":[{"href":"https:\/\/www.thekemuseum.it\/de\/wp-json\/wp\/v2\/pages\/571","targetHints":{"allow":["GET"]}}],"collection":[{"href":"https:\/\/www.thekemuseum.it\/de\/wp-json\/wp\/v2\/pages"}],"about":[{"href":"https:\/\/www.thekemuseum.it\/de\/wp-json\/wp\/v2\/types\/page"}],"author":[{"embeddable":true,"href":"https:\/\/www.thekemuseum.it\/de\/wp-json\/wp\/v2\/users\/3"}],"replies":[{"embeddable":true,"href":"https:\/\/www.thekemuseum.it\/de\/wp-json\/wp\/v2\/comments?post=571"}],"version-history":[{"count":2,"href":"https:\/\/www.thekemuseum.it\/de\/wp-json\/wp\/v2\/pages\/571\/revisions"}],"predecessor-version":[{"id":573,"href":"https:\/\/www.thekemuseum.it\/de\/wp-json\/wp\/v2\/pages\/571\/revisions\/573"}],"wp:attachment":[{"href":"https:\/\/www.thekemuseum.it\/de\/wp-json\/wp\/v2\/media?parent=571"}],"curies":[{"name":"wp","href":"https:\/\/api.w.org\/{rel}","templated":true}]}}