{"id":563,"date":"2019-02-04T15:42:11","date_gmt":"2019-02-04T14:42:11","guid":{"rendered":"http:\/\/www.thekemuseum.it\/progettisti\/"},"modified":"2019-02-18T09:03:58","modified_gmt":"2019-02-18T08:03:58","slug":"designer","status":"publish","type":"page","link":"https:\/\/www.thekemuseum.it\/de\/designer\/","title":{"rendered":"Designer"},"content":{"rendered":"<div id=\"intro\" class=\"barra-verde\" style=\"background: url('\/news\/wp-content\/themes\/theke\/assets\/img\/progettisti-head.jpg'); background-size: cover; background-position: center top;\"><\/div>\n<p><main><\/p>\n<div class=\"barra-gialla\"><\/div>\n<div class=\"barra-verde\" >\n<div class=\"row\">\n<div class=\"medium-12 columns \">\n<h3><span class=\"under-yellow\">Designer<\/span><\/h3>\n<p>Theke&#8217;s Dienstleistungen f\u00fcr Designer und Profis, die sich mit Museografie und dem Entwerfen von Gemeinschaftsr\u00e4umen besch\u00e4ftigen, sind:<\/p>\n<ul>\n<li>Technisch-\u00f6konomische Machbarkeitsstudie<\/li>\n<li>Projektentwicklung<\/li>\n<li>Prototyping und Realisierung von Prototypen und Mustern<\/li>\n<li>Zertifizierung durch eine Zertifizierungsstelle<\/li>\n<li>Produktion<\/li>\n<li>Installation<\/li>\n<li>Wartung und Kundendienst<\/li>\n<\/ul>\n<p>&nbsp;<\/p>\n<\/p><\/div>\n<\/p><\/div>\n<\/p><\/div>\n<p><\/main><\/p>\n","protected":false},"excerpt":{"rendered":"<p>Designer Theke&#8217;s Dienstleistungen f\u00fcr Designer und Profis, die sich mit Museografie und dem Entwerfen von Gemeinschaftsr\u00e4umen besch\u00e4ftigen, sind: Technisch-\u00f6konomische Machbarkeitsstudie Projektentwicklung Prototyping und Realisierung von Prototypen und Mustern Zertifizierung durch eine Zertifizierungsstelle Produktion Installation Wartung und Kundendienst &nbsp;<\/p>\n","protected":false},"author":3,"featured_media":0,"parent":0,"menu_order":0,"comment_status":"closed","ping_status":"closed","template":"page-template\/profile-care.php","meta":{"_acf_changed":false,"footnotes":""},"class_list":["post-563","page","type-page","status-publish","hentry"],"acf":[],"_links":{"self":[{"href":"https:\/\/www.thekemuseum.it\/de\/wp-json\/wp\/v2\/pages\/563","targetHints":{"allow":["GET"]}}],"collection":[{"href":"https:\/\/www.thekemuseum.it\/de\/wp-json\/wp\/v2\/pages"}],"about":[{"href":"https:\/\/www.thekemuseum.it\/de\/wp-json\/wp\/v2\/types\/page"}],"author":[{"embeddable":true,"href":"https:\/\/www.thekemuseum.it\/de\/wp-json\/wp\/v2\/users\/3"}],"replies":[{"embeddable":true,"href":"https:\/\/www.thekemuseum.it\/de\/wp-json\/wp\/v2\/comments?post=563"}],"version-history":[{"count":2,"href":"https:\/\/www.thekemuseum.it\/de\/wp-json\/wp\/v2\/pages\/563\/revisions"}],"predecessor-version":[{"id":565,"href":"https:\/\/www.thekemuseum.it\/de\/wp-json\/wp\/v2\/pages\/563\/revisions\/565"}],"wp:attachment":[{"href":"https:\/\/www.thekemuseum.it\/de\/wp-json\/wp\/v2\/media?parent=563"}],"curies":[{"name":"wp","href":"https:\/\/api.w.org\/{rel}","templated":true}]}}