{"id":548,"date":"2017-06-06T17:28:12","date_gmt":"2017-06-06T15:28:12","guid":{"rendered":"http:\/\/www.thekemuseum.it\/profile\/"},"modified":"2019-02-18T08:56:30","modified_gmt":"2019-02-18T07:56:30","slug":"profil","status":"publish","type":"page","link":"https:\/\/www.thekemuseum.it\/de\/profil\/","title":{"rendered":"Profil"},"content":{"rendered":"<div id=\"intro\" class=\"barra-verde\"><\/div>\n<p><main><\/p>\n<div class=\"barra-gialla\"><\/div>\n<div class=\"barra-verde\" >\n<div class=\"row\">\n<div class=\"medium-4 columns \">\n<h3><span class=\"under-yellow\">FIRMENPROFIL <\/span><br \/><\/h3>\n<p>Theke ist die Marke von Dform s.r.l. gewidmet Ausstellungen f\u00fcr Museen, Dauer- oder Wanderausstellungen und Ausstellungsr\u00e4ume.<br \/>\nTheke nutzt die Erfahrungen von Dform in der M\u00f6belherstellung und das spezifische Know-how im Bereich des Kulturerbes, um Vitrinen &#8211; auch mit Touch-Technologie ausgestattet &#8211; Basen, W\u00e4nde und Multifunktionspaneele sowie spezielle Sitzm\u00f6bel und Einrichtungen f\u00fcr die \u00f6ffentlichen Empfangsbereiche zu entwerfen und herzustellen und Bereiche, die dem Museums-Merchandising gewidmet sind.<\/p>\n<\/p><\/div>\n<div class=\"medium-7 columns video-place barra\" id=\"prof-az\"><\/div>\n<\/p><\/div>\n<\/p><\/div>\n<div class=\"barra-gialla\"><\/div>\n<div class=\"barra-verde\">\n<div class=\"row\">\n<div class=\"medium-7 columns video-place barra\" id=\"know-how\">\n<\/div>\n<div class=\"medium-4 columns\">\n<h3><span class=\"under-yellow\">know<\/span><br \/>how<\/h3>\n<p>Wir stehen im Dienste des Museumssektors und verf\u00fcgen \u00fcber fundierte Erfahrung in der Gestaltung und Herstellung von M\u00f6beln, ein tiefes Wissen \u00fcber die Besonderheiten und museographische Probleme. mit High-Tech-Produktionsprozessen, Detailgenauigkeit und hohen Qualit\u00e4tsstandards.<\/p>\n<\/p><\/div>\n<\/p><\/div>\n<\/p><\/div>\n<div class=\"barra-gialla\"><\/div>\n<div class=\"barra-verde\">\n<div class=\"row \">\n        <!-- \n\n<div class=\"medium-6 columns\">\n\n\n\n<\/div>\n\n --><\/p>\n<div class=\"medium-4 columns\">\n<h3><span class=\"under-yellow\">network<\/span><\/h3>\n<p>Unser Unternehmensorganigramm bietet hochqualifizierte Fachkr\u00e4fte auf allen Ebenen. So k\u00f6nnen wir alle Arbeitsphasen verfolgen: von der Definition der Ausstellungsphilosophie \u00fcber das Engineering des Produkts, von der Produktion bis zur Installation unserer Produkte.<\/p>\n<\/p><\/div>\n<div class=\"medium-7 columns video-place barra\" id=\"net-az\"><\/div>\n<\/p><\/div>\n<\/p><\/div>\n<div class=\"barra-gialla\"><\/div>\n<div class=\"barra-verde\" id=\"last\">\n<div class=\"row\" >\n<div class=\"medium-7 columns video-place barra hide-for-small-only\" id=\"servizi\"><\/div>\n<div class=\"medium-4 columns\">\n<h3><span class=\"under-yellow\">UNSERE <\/span><br \/>DIENSTLEISTUNGEN <\/h3>\n<p>Wir bieten unseren Kunden &#8211; \u00f6ffentlichen K\u00f6rperschaften, Unternehmen oder Fachleuten &#8211; einen einzigartigen und personalisierten Service an:<\/p>\n<ul>\n<li>Technisch-\u00f6konomische Machbarkeitsstudie<\/li>\n<li>Projektentwicklung<\/li>\n<li>Prototyping und Realisierung von Prototypen und Mustern<\/li>\n<li>Zertifizierung durch eine Zertifizierungsstelle<\/li>\n<li>Produktion<\/li>\n<li>Installation<\/li>\n<li>Wartung und Kundendienst<\/li>\n<\/ul><\/div>\n<\/p><\/div>\n<\/p><\/div>\n<p>      <\/main><\/p>\n","protected":false},"excerpt":{"rendered":"<p>FIRMENPROFIL Theke ist die Marke von Dform s.r.l. gewidmet Ausstellungen f\u00fcr Museen, Dauer- oder Wanderausstellungen und Ausstellungsr\u00e4ume. Theke nutzt die Erfahrungen von Dform in der M\u00f6belherstellung und das spezifische Know-how im Bereich des Kulturerbes, um Vitrinen &#8211; auch mit Touch-Technologie ausgestattet &#8211; Basen, W\u00e4nde und Multifunktionspaneele sowie spezielle Sitzm\u00f6bel und Einrichtungen f\u00fcr die \u00f6ffentlichen Empfangsbereiche &hellip; <\/p>\n<p class=\"link-more\"><a href=\"https:\/\/www.thekemuseum.it\/de\/profil\/\" class=\"more-link\">Continue reading<span class=\"screen-reader-text\"> &#8220;Profil&#8221;<\/span><\/a><\/p>\n","protected":false},"author":2,"featured_media":0,"parent":0,"menu_order":0,"comment_status":"closed","ping_status":"closed","template":"page-template\/profile-care.php","meta":{"_acf_changed":false,"footnotes":""},"class_list":["post-548","page","type-page","status-publish","hentry"],"acf":[],"_links":{"self":[{"href":"https:\/\/www.thekemuseum.it\/de\/wp-json\/wp\/v2\/pages\/548","targetHints":{"allow":["GET"]}}],"collection":[{"href":"https:\/\/www.thekemuseum.it\/de\/wp-json\/wp\/v2\/pages"}],"about":[{"href":"https:\/\/www.thekemuseum.it\/de\/wp-json\/wp\/v2\/types\/page"}],"author":[{"embeddable":true,"href":"https:\/\/www.thekemuseum.it\/de\/wp-json\/wp\/v2\/users\/2"}],"replies":[{"embeddable":true,"href":"https:\/\/www.thekemuseum.it\/de\/wp-json\/wp\/v2\/comments?post=548"}],"version-history":[{"count":3,"href":"https:\/\/www.thekemuseum.it\/de\/wp-json\/wp\/v2\/pages\/548\/revisions"}],"predecessor-version":[{"id":561,"href":"https:\/\/www.thekemuseum.it\/de\/wp-json\/wp\/v2\/pages\/548\/revisions\/561"}],"wp:attachment":[{"href":"https:\/\/www.thekemuseum.it\/de\/wp-json\/wp\/v2\/media?parent=548"}],"curies":[{"name":"wp","href":"https:\/\/api.w.org\/{rel}","templated":true}]}}