{"id":543,"date":"2017-06-06T17:00:42","date_gmt":"2017-06-06T15:00:42","guid":{"rendered":"http:\/\/www.thekemuseum.it\/metodo\/"},"modified":"2019-02-18T11:00:05","modified_gmt":"2019-02-18T10:00:05","slug":"methode","status":"publish","type":"page","link":"https:\/\/www.thekemuseum.it\/de\/methode\/","title":{"rendered":"Methode"},"content":{"rendered":"<p><main id=\"metodo\"><\/p>\n<div class=\"row\">\n<div class=\"medium-12 columns\">\n<ul class=\"breadcrumbs\">\n<li><a href=\"\/\">Home<\/a><\/li>\n<li class=\"current\"><a href=\"\/de\/methode\/\">methode<\/a><\/li>\n<\/ul>\n<\/div>\n<\/div>\n<div class=\"row\">\n<div class=\"medium-12 columns\">\n<h3><span class=\"under-yellow\">ARBEITSMETHODE<\/span><\/h3>\n<p>Modernste Technologie und Produktionsprozesse, die auf jedes Detail achten: Wir sind ein High-Tech-Unternehmen, aber mit einer handwerklichen Werkstatt-Seele.<br \/>\nAusgehend von den Bed\u00fcrfnissen des Kunden entwickelt unser professionelles Team Entw\u00fcrfe des Projekts f\u00fcr eine Armatur oder ein neues Produkt, beispielsweise ein Ausstellungsfenster, einen Stuhl oder ein M\u00f6belst\u00fcck. Das Ergebnis der technischen Entwicklung des Projekts &#8211; einmal definiert mit dem Kunden &#8211; wird die Richtlinie f\u00fcr die Prototyping-Phase sein, die sowohl f\u00fcr die Zertifizierung als auch f\u00fcr die Produktion und Lieferung des Produkts erforderlich ist.<br \/>\nMit der Erstellung des Endprodukts beginnt ein virtuoser Weg bei unserem Kunden bis zum Abschluss der Bestellung, wobei die Qualit\u00e4t unserer Materialien, Produktionssysteme und Zertifizierungen garantiert wird.<\/p>\n<\/div>\n<\/div>\n<div class=\"row\">\n<div class=\"medium-6 columns\"><img loading=\"lazy\" decoding=\"async\" class=\"alignnone size-full wp-image-97 intro\" src=\"\/news\/wp-content\/uploads\/2019\/02\/metodo_01.jpg\" alt=\"\" width=\"587\" height=\"368\" srcset=\"https:\/\/www.thekemuseum.it\/news\/wp-content\/uploads\/2019\/02\/metodo_01.jpg 587w, https:\/\/www.thekemuseum.it\/news\/wp-content\/uploads\/2019\/02\/metodo_01-300x188.jpg 300w\" sizes=\"auto, (max-width: 587px) 100vw, 587px\" \/><\/div>\n<div class=\"medium-6 columns\"><img loading=\"lazy\" decoding=\"async\" class=\"alignnone size-full wp-image-99 intro\" src=\"\/news\/wp-content\/uploads\/2019\/02\/metodo_02.png\" alt=\"\" width=\"587\" height=\"368\" srcset=\"https:\/\/www.thekemuseum.it\/news\/wp-content\/uploads\/2019\/02\/metodo_02.png 587w, https:\/\/www.thekemuseum.it\/news\/wp-content\/uploads\/2019\/02\/metodo_02-300x188.png 300w\" sizes=\"auto, (max-width: 587px) 100vw, 587px\" \/><\/div>\n<\/div>\n<div class=\"barra-gialla\"><\/div>\n<div class=\"row\">\n<div class=\"medium-12 columns\">\n<h3><span class=\"under-yellow\"> KULTURELLES ERBE<\/span><\/h3>\n<p>Die enge Zusammenarbeit mit den Sammlungen des Museums bereichert uns, so dass wir unser Wissen \u00fcber ein unbezahlbares Erbe vertiefen k\u00f6nnen, f\u00fcr das wir uns verantwortlich f\u00fchlen.<br \/>\nVerantwortlich daf\u00fcr, dass wir es dank unserer technischen L\u00f6sungen unter optimalen Bedingungen an zuk\u00fcnftige Generationen weitergeben m\u00fcssen.<br \/>\nDeshalb stehen in unserem Modus operandi die Werke im Mittelpunkt aller Aktivit\u00e4ten. Das Produkt unserer Arbeit ist die direkte Folge dieser Vision und bringt unsere gesamte Professionalit\u00e4t, unser Wissen und unser Fachwissen zum Ausdruck.<br \/>\nWir sind uns der heiklen Rolle bewusst, die wir haben. Daher f\u00fchren wir Forschungsprojekte zu innovativen Materialien und Produktionsprozessen durch, um immer h\u00f6here Qualit\u00e4tsstandards zu erreichen und die von unseren Kunden festgelegten Parameter zu respektieren.<\/p>\n<\/div>\n<\/div>\n<div class=\"row margin-top\">\n<div class=\"medium-3 columns\"><img loading=\"lazy\" decoding=\"async\" class=\"alignnone size-full wp-image-101\" src=\"\/news\/wp-content\/uploads\/2019\/02\/parametri_small.png\" alt=\"\" width=\"369\" height=\"273\" srcset=\"https:\/\/www.thekemuseum.it\/news\/wp-content\/uploads\/2019\/02\/parametri_small.png 369w, https:\/\/www.thekemuseum.it\/news\/wp-content\/uploads\/2019\/02\/parametri_small-300x222.png 300w\" sizes=\"auto, (max-width: 369px) 100vw, 369px\" \/><\/p>\n<h4><span class=\"under-yellow\">Umweltparameter<\/span><\/h4>\n<p>F\u00fcr die gute Konservierung der Werke ist es wichtig &#8230;<\/p>\n<p><a href=\"\/de\/methode\/umweltparameter\/\">..read more &gt;<\/a><\/p>\n<\/div>\n<div class=\"medium-3 columns\"><img loading=\"lazy\" decoding=\"async\" class=\"alignnone size-full wp-image-102\" src=\"\/news\/wp-content\/uploads\/2019\/02\/materiali_small.png\" alt=\"\" width=\"369\" height=\"273\" srcset=\"https:\/\/www.thekemuseum.it\/news\/wp-content\/uploads\/2019\/02\/materiali_small.png 369w, https:\/\/www.thekemuseum.it\/news\/wp-content\/uploads\/2019\/02\/materiali_small-300x222.png 300w\" sizes=\"auto, (max-width: 369px) 100vw, 369px\" \/><\/p>\n<h4><span class=\"under-yellow\">Materialien<\/span><\/h4>\n<p>Um eine ordnungsgem\u00e4\u00dfe Konservierung und Exposition der Werke zu gew\u00e4hrleisten &#8230;<\/p>\n<p><a href=\"\/de\/methode\/materialien\/\">..read more &gt;<\/a><\/p>\n<\/div>\n<div class=\"medium-3 columns\"><img loading=\"lazy\" decoding=\"async\" class=\"alignnone size-full wp-image-103\" src=\"\/news\/wp-content\/uploads\/2019\/02\/sicurezza_small.png\" alt=\"\" width=\"369\" height=\"273\" srcset=\"https:\/\/www.thekemuseum.it\/news\/wp-content\/uploads\/2019\/02\/sicurezza_small.png 369w, https:\/\/www.thekemuseum.it\/news\/wp-content\/uploads\/2019\/02\/sicurezza_small-300x222.png 300w\" sizes=\"auto, (max-width: 369px) 100vw, 369px\" \/><\/p>\n<h4><span class=\"under-yellow\">Sicherheit<\/span><\/h4>\n<p>Die Sicherheitsprobleme in den Ausstellungsr\u00e4umen sind vielf\u00e4ltig &#8230;<\/p>\n<p><a href=\"\/de\/methode\/sicherheit\/\">..read more &gt;<\/a><\/p>\n<\/div>\n<div class=\"medium-3 columns\"><img loading=\"lazy\" decoding=\"async\" class=\"alignnone size-full wp-image-104\" src=\"\/news\/wp-content\/uploads\/2019\/02\/accessibilita_small.png\" alt=\"\" width=\"369\" height=\"273\" srcset=\"https:\/\/www.thekemuseum.it\/news\/wp-content\/uploads\/2019\/02\/accessibilita_small.png 369w, https:\/\/www.thekemuseum.it\/news\/wp-content\/uploads\/2019\/02\/accessibilita_small-300x222.png 300w\" sizes=\"auto, (max-width: 369px) 100vw, 369px\" \/><\/p>\n<h4><span class=\"under-yellow\">Zugaenglichkeit<\/span><\/h4>\n<p>Die Artikulation der Museumsr\u00e4ume wird auch durch die Anwesenheit des Menschen bestimmt &#8230;<\/p>\n<p>          <a href=\"\/de\/methode\/zugaenglichkeit\/\">..read more &gt;<\/a> <\/p>\n<\/div>\n<\/div>\n<p>  <\/main><\/p>\n","protected":false},"excerpt":{"rendered":"<p>Home methode ARBEITSMETHODE Modernste Technologie und Produktionsprozesse, die auf jedes Detail achten: Wir sind ein High-Tech-Unternehmen, aber mit einer handwerklichen Werkstatt-Seele. Ausgehend von den Bed\u00fcrfnissen des Kunden entwickelt unser professionelles Team Entw\u00fcrfe des Projekts f\u00fcr eine Armatur oder ein neues Produkt, beispielsweise ein Ausstellungsfenster, einen Stuhl oder ein M\u00f6belst\u00fcck. Das Ergebnis der technischen Entwicklung des &hellip; <\/p>\n<p class=\"link-more\"><a href=\"https:\/\/www.thekemuseum.it\/de\/methode\/\" class=\"more-link\">Continue reading<span class=\"screen-reader-text\"> &#8220;Methode&#8221;<\/span><\/a><\/p>\n","protected":false},"author":2,"featured_media":0,"parent":0,"menu_order":0,"comment_status":"closed","ping_status":"closed","template":"page-template\/template-care.php","meta":{"_acf_changed":false,"footnotes":""},"class_list":["post-543","page","type-page","status-publish","hentry"],"acf":[],"_links":{"self":[{"href":"https:\/\/www.thekemuseum.it\/de\/wp-json\/wp\/v2\/pages\/543","targetHints":{"allow":["GET"]}}],"collection":[{"href":"https:\/\/www.thekemuseum.it\/de\/wp-json\/wp\/v2\/pages"}],"about":[{"href":"https:\/\/www.thekemuseum.it\/de\/wp-json\/wp\/v2\/types\/page"}],"author":[{"embeddable":true,"href":"https:\/\/www.thekemuseum.it\/de\/wp-json\/wp\/v2\/users\/2"}],"replies":[{"embeddable":true,"href":"https:\/\/www.thekemuseum.it\/de\/wp-json\/wp\/v2\/comments?post=543"}],"version-history":[{"count":7,"href":"https:\/\/www.thekemuseum.it\/de\/wp-json\/wp\/v2\/pages\/543\/revisions"}],"predecessor-version":[{"id":607,"href":"https:\/\/www.thekemuseum.it\/de\/wp-json\/wp\/v2\/pages\/543\/revisions\/607"}],"wp:attachment":[{"href":"https:\/\/www.thekemuseum.it\/de\/wp-json\/wp\/v2\/media?parent=543"}],"curies":[{"name":"wp","href":"https:\/\/api.w.org\/{rel}","templated":true}]}}